{"id":60,"date":"2020-11-30T12:00:59","date_gmt":"2020-11-30T11:00:59","guid":{"rendered":"https:\/\/garbi.press\/?page_id=60"},"modified":"2020-12-16T14:27:31","modified_gmt":"2020-12-16T13:27:31","slug":"forside","status":"publish","type":"page","link":"https:\/\/garbi.press\/","title":{"rendered":""},"content":{"rendered":"\n<div class=\"wp-block-genesis-blocks-gb-columns gb-slate-section-hero-buttons gb-layout-columns-1 one-column gb-has-background-dim gb-has-background-dim-40 gb-background-cover gb-background-no-repeat gb-has-custom-background-color gb-has-custom-text-color gb-columns-center alignfull\" style=\"padding-top:10em;padding-right:1em;padding-bottom:10em;padding-left:1em;background-color:#1f1f1f;color:#f5f5f5;background-image:url(https:\/\/garbi.press\/wp-content\/uploads\/2020\/12\/den-roed-plads.jpg);background-position:32% 50%\"><div class=\"gb-layout-column-wrap gb-block-layout-column-gap-1 gb-is-responsive-column\" style=\"max-width:1200px\">\n<div class=\"wp-block-genesis-blocks-gb-column gb-block-layout-column\"><div class=\"gb-block-layout-column-inner\">\n<div class=\"wp-block-genesis-blocks-gb-columns gb-layout-columns-2 gb-2-col-wideleft gb-columns-center alignfull\"><div class=\"gb-layout-column-wrap gb-block-layout-column-gap-8 gb-is-responsive-column\" style=\"max-width:1200px\">\n<div class=\"wp-block-genesis-blocks-gb-column gb-block-layout-column gb-is-vertically-aligned-top\"><div class=\"gb-block-layout-column-inner\">\n<h5 class=\"has-text-color\" style=\"color:#f5f5f5;font-size:40px\">Garbi Schmidt<\/h5>\n\n\n\n<h5 class=\"has-text-color\" style=\"color:#f5f5f5;font-size:40px\">Text \u2019n Tours&nbsp;<\/h5>\n\n\n\n<p class=\"has-text-color\" style=\"color:#f5f5f5\">P\u00e5 denne side kan du l\u00e6se om mine b\u00f8ger samt de foredrag og guidede ture,  jeg tilbyder.<\/p>\n\n\n\n<p class=\"has-text-color\" style=\"color:#f5f5f5\">Garbi Schmidt og Text \u2019n Tours kan kontaktes p\u00e5 email: garbi@godmail.dk<\/p>\n\n\n\n<div class=\"wp-container-1 wp-block-buttons\">\n<div class=\"wp-block-button is-style-outline\"><a class=\"wp-block-button__link has-canary-color has-text-color\" href=\"https:\/\/garbi.press\/index.php\/foredrag-og-guidede-ture\/\" style=\"border-radius:4px\"><strong><strong>Foredrag og guidede tur<\/strong><\/strong>e<\/a><\/div>\n\n\n\n<div class=\"wp-block-button is-style-outline\"><a class=\"wp-block-button__link has-text-color has-background\" href=\"https:\/\/garbi.press\/index.php\/boger\/\" style=\"border-radius:4px;background-color:#0073e5;color:#ffffff\"><strong>B\u00f8ger<\/strong><\/a><\/div>\n<\/div>\n\n\n\n<p><\/p>\n<\/div><\/div>\n\n\n\n<div class=\"wp-block-genesis-blocks-gb-column gb-block-layout-column gb-is-vertically-aligned-center\"><div class=\"gb-block-layout-column-inner\">\n<p><\/p>\n<\/div><\/div>\n<\/div><\/div>\n<\/div><\/div>\n<\/div><\/div>\n\n\n\n<div class=\"wp-block-genesis-blocks-gb-container gb-layout-landing-2 gb-block-container alignfull\"><div class=\"gb-container-inside\"><div class=\"gb-container-content\" style=\"max-width:1600px\">\n<div style=\"padding-left:4%;padding-right:5%;padding-bottom:1%;padding-top:5%\" class=\"wp-block-genesis-blocks-gb-container gb-block-container\"><div class=\"gb-container-inside\"><div class=\"gb-container-content\" style=\"max-width:700px\">\n<div style=\"background-color:#ffffff;color:#333\" class=\"wp-block-genesis-blocks-gb-profile-box round gb-has-avatar gb-font-size-20 gb-block-profile gb-profile-columns\"><div class=\"gb-profile-column gb-profile-avatar-wrap\"><div class=\"gb-profile-image-wrap\"><figure class=\"gb-profile-image-square\"><img loading=\"lazy\" width=\"600\" height=\"600\" class=\"gb-profile-avatar wp-image-425\" src=\"https:\/\/garbi.press\/wp-content\/uploads\/2020\/12\/Garbi-oposity600px.jpg\" alt=\"Garbi Schmidt: Fotograf: Simon Klein-Knudsen\" srcset=\"https:\/\/garbi.press\/wp-content\/uploads\/2020\/12\/Garbi-oposity600px.jpg 600w, https:\/\/garbi.press\/wp-content\/uploads\/2020\/12\/Garbi-oposity600px-300x300.jpg 300w, https:\/\/garbi.press\/wp-content\/uploads\/2020\/12\/Garbi-oposity600px-150x150.jpg 150w\" sizes=\"(max-width: 600px) 100vw, 600px\" \/><\/figure><\/div><\/div><div class=\"gb-profile-column gb-profile-content-wrap\"><h2 class=\"gb-profile-name\" style=\"color:#333\">Garbi Schmidt<\/h2><p class=\"gb-profile-title\" style=\"color:#333\">Fotograf: Simon Klein-Knudsen, 2016\/Gyldendal<\/p><div class=\"gb-profile-text\"><p>Velkommen til min hjemmeside! Jeg hedder Garbi Schmidt, og er professor i Kultur- og Sprogm\u00f8destudier p\u00e5 Roskilde Universitet. Jeg er ogs\u00e5 sk\u00f8nlitter\u00e6r forfatter. P\u00e5 denne siden kan du l\u00e6se om mine b\u00f8ger, men du kan ogs\u00e5 l\u00e6se om de foredrag og guidede ture, som jeg tilbyder. Ture og foredrag kan tilpasses dine behov. Jeg elsker at formidle til forskellige typer af publikum, og har lang erfaring hermed.<\/p><\/div><ul class=\"gb-social-links\"><\/ul><\/div><\/div>\n<\/div><\/div><\/div>\n\n\n\n<div class=\"wp-container-2 wp-block-group alignfull\"><div class=\"wp-block-group__inner-container\">\n<div class=\"wp-block-genesis-blocks-gb-columns gb-layout-columns-2 gb-2-col-equal gb-columns-center alignfull\" style=\"padding-top:4%;padding-right:5%;padding-bottom:5%;padding-left:5%\"><div class=\"gb-layout-column-wrap gb-block-layout-column-gap-2 gb-is-responsive-column\" style=\"max-width:700px\">\n<div class=\"wp-block-genesis-blocks-gb-column gb-block-layout-column\"><div class=\"gb-block-layout-column-inner\">\n<h3 class=\"has-text-align-left has-primary-color has-text-color\">Foredrag og guidede ture<\/h3>\n\n\n\n<p>Har du lyst til at vide mere om indvandring til Danmark og K\u00f8benhavn igennem historien? Har du lyst til anderledes og levende formidling? Jeg formidler min forskning igennem foredrag og guidede ture p\u00e5 N\u00f8rrebro, hvor fokus er p\u00e5 det sjove, sp\u00e6ndende, seri\u00f8se, oplysende og overraskende. Jeg har guidet ture i N\u00f8rrebros historie siden 2014, for mange forskellige typer af publikum, fra studerende p\u00e5 universitetet til sm\u00e5 private grupper. Du er velkommen til at kontakte mig og h\u00f8re n\u00e6rmere om mulighederne. P\u00e5 siden her er der forslag til b\u00e5de ture og foredrag \u2013 disse kan selvf\u00f8lgelig tilpasses dit behov.<\/p>\n\n\n\n<p>L\u00e6s mere om <a href=\"https:\/\/garbi.press\/index.php\/foredrag-og-guidede-ture\/\">Foredrag og guidede ture<\/a><\/p>\n\n\n\n<div class=\"wp-block-genesis-blocks-gb-container gb-block-container\"><div class=\"gb-container-inside\"><div class=\"gb-container-content\"><\/div><\/div><\/div>\n<\/div><\/div>\n\n\n\n<div class=\"wp-block-genesis-blocks-gb-column gb-block-layout-column\"><div class=\"gb-block-layout-column-inner\">\n<h3 class=\"has-primary-color has-text-color\">B\u00f8ger<\/h3>\n\n\n\n<p>Garbi Schmidt er forfatter til flere b\u00f8ger. Hun har skrevet b\u00f8ger p\u00e5 b\u00e5de dansk og engelsk, og har flere p\u00e5 vej. Her p\u00e5 siden kan du b\u00e5de l\u00e6se om b\u00f8gerne, og du kan finde link til boghandlere p\u00e5 nettet, hvor du kan k\u00f8be dem.<\/p>\n\n\n\n<p>Nogle af b\u00f8gerne kan du k\u00f8be direkte fra forfatteren med rabat. B\u00f8ger, der er k\u00f8bt direkte igennem forfatteren signeres selvf\u00f8lgelig, hvis du gerne vil have det.<\/p>\n\n\n\n<p>L\u00e6s mere om <a href=\"https:\/\/garbi.press\/index.php\/boger\/\">B\u00f8ger<\/a><\/p>\n<\/div><\/div>\n<\/div><\/div>\n<\/div><\/div>\n\n\n\n<div style=\"background-color:#f6f5f1;text-align:center\" class=\"wp-block-genesis-blocks-gb-cta gb-block-cta gb-font-size-18\"><div class=\"gb-cta-content\"><h2 class=\"gb-cta-title gb-font-size-34\" style=\"color:#333\">Drop me a line!<\/h2><div class=\"gb-cta-text gb-font-size-32\" style=\"color:#333\"><p>Garbi Schmidt&#8217;s Text \u2019n Tours get in touch via email: garbi@godmail.dk<\/p><\/div><\/div><div class=\"gb-cta-button\"><a href=\"https:\/\/garbi.press\/index.php\/in-english\/\" target=\"_self\" rel=\"noopener noreferrer\" class=\"gb-button gb-button-shape-circular gb-button-size-medium\" style=\"color:#ffffff;background-color:#9b3300\">Read about Garbi Schmidt in English<\/a><\/div><\/div>\n<\/div><\/div><\/div>\n\n\n\n<p><\/p>\n","protected":false},"excerpt":{"rendered":"","protected":false},"author":1,"featured_media":0,"parent":0,"menu_order":0,"comment_status":"closed","ping_status":"closed","template":"","meta":{"_genesis_hide_title":false,"_genesis_hide_breadcrumbs":false,"_genesis_hide_singular_image":false,"_genesis_hide_footer_widgets":false,"_genesis_custom_body_class":"","_genesis_custom_post_class":"","_genesis_layout":""},"featured_image_src":null,"featured_image_src_square":null,"_links":{"self":[{"href":"https:\/\/garbi.press\/index.php\/wp-json\/wp\/v2\/pages\/60"}],"collection":[{"href":"https:\/\/garbi.press\/index.php\/wp-json\/wp\/v2\/pages"}],"about":[{"href":"https:\/\/garbi.press\/index.php\/wp-json\/wp\/v2\/types\/page"}],"author":[{"embeddable":true,"href":"https:\/\/garbi.press\/index.php\/wp-json\/wp\/v2\/users\/1"}],"replies":[{"embeddable":true,"href":"https:\/\/garbi.press\/index.php\/wp-json\/wp\/v2\/comments?post=60"}],"version-history":[{"count":93,"href":"https:\/\/garbi.press\/index.php\/wp-json\/wp\/v2\/pages\/60\/revisions"}],"predecessor-version":[{"id":440,"href":"https:\/\/garbi.press\/index.php\/wp-json\/wp\/v2\/pages\/60\/revisions\/440"}],"wp:attachment":[{"href":"https:\/\/garbi.press\/index.php\/wp-json\/wp\/v2\/media?parent=60"}],"curies":[{"name":"wp","href":"https:\/\/api.w.org\/{rel}","templated":true}]}}