{"id":44,"date":"2020-11-25T23:09:07","date_gmt":"2020-11-25T22:09:07","guid":{"rendered":"https:\/\/garbi.press\/?page_id=44"},"modified":"2022-03-31T14:04:54","modified_gmt":"2022-03-31T12:04:54","slug":"foredrag-og-guidede-ture","status":"publish","type":"page","link":"https:\/\/garbi.press\/index.php\/foredrag-og-guidede-ture\/","title":{"rendered":"Foredrag og guidede ture"},"content":{"rendered":"\n<div class=\"wp-block-genesis-blocks-gb-container gb-block-container\"><div class=\"gb-container-inside\"><div class=\"gb-container-content\"><\/div><\/div><\/div>\n\n\n\n<div style=\"padding-left:5%;padding-right:5%\" class=\"wp-block-genesis-blocks-gb-container gb-layout-landing-3 gb-block-container alignfull\"><div class=\"gb-container-inside\"><div class=\"gb-container-content\" style=\"max-width:1000px\"><\/div><\/div><\/div>\n\n\n\n<div style=\"padding-left:5%;padding-right:5%\" class=\"wp-block-genesis-blocks-gb-container gb-layout-landing-3 gb-block-container alignfull\"><div class=\"gb-container-inside\"><div class=\"gb-container-content\" style=\"max-width:1212px\">\n<div class=\"wp-block-cover alignfull has-parallax gb-layout-landing-3-cover\" style=\"background-image:url(https:\/\/garbi.press\/wp-content\/uploads\/2020\/12\/rodeplads.jpg);min-height:600px\"><div class=\"wp-block-cover__inner-container\">\n<p class=\"has-text-align-center has-large-font-size\"><\/p>\n<\/div><\/div>\n\n\n\n<div class=\"wp-block-genesis-blocks-gb-columns gb-layout-columns-2 gb-2-col-wideright\" style=\"padding-top:10%;padding-bottom:6%\"><div class=\"gb-layout-column-wrap gb-block-layout-column-gap-2 gb-is-responsive-column\">\n<div class=\"wp-block-genesis-blocks-gb-column gb-block-layout-column\"><div class=\"gb-block-layout-column-inner\">\n<h3><strong>Guidede ture<\/strong><\/h3>\n<\/div><\/div>\n\n\n\n<div class=\"wp-block-genesis-blocks-gb-column gb-block-layout-column\"><div class=\"gb-block-layout-column-inner\">\n<p><strong>N\u00f8rrebros liv<\/strong><\/p>\n\n\n\n<p>Kom med p\u00e5 en historisk vandring p\u00e5 N\u00f8rrebro, igennem gader de fleste kender, men tilbage til en tid, hvor svenske og russiske indvandrere flyttede ind i opgangene. Til en tid, hvor det at v\u00e6re kvinde og det at ville langt fra var enkelt. Vi ser p\u00e5 den lille historie i den store. Det levede liv i starten af det 20. \u00e5rhundrede. Fattigdom og kvindebev\u00e6gelse. Sygdom, d\u00f8d, forandringer, opr\u00f8r, industrialisering og solidaritet. Hvad der skabte \u00e6ndringerne p\u00e5 vej mod det samfund, vi kender i dag og tager for givet. Turen er baseret p\u00e5 Garbi Schmidts to b\u00f8ger: Disputatsen \u00bbN\u00f8rrebros indvandringshistorie 1885-2010\u00ab (2015) og den historiske roman \u00bbEbba\u00ab (2017), som bl.a. foreg\u00e5r p\u00e5 N\u00f8rrebro.&nbsp;<\/p>\n\n\n\n<p><strong>N\u00f8rrebros religi\u00f8se forskellighed i fortid og nutid<\/strong><\/p>\n\n\n\n<p>J\u00f8der, katolikker, muslimer: N\u00f8rrebro har v\u00e6ret hjem for flere religi\u00f8se grupper igennem tiden. P\u00e5 denne tur vil vi dykke ned i den religi\u00f8se mangfoldigheds betydning for kvarteret, b\u00e5de f\u00f8r og nu. P\u00e5 turen igennem N\u00f8rrebros gader vil vi h\u00f8rer om j\u00f8diske indvandrerfamilier, om katolske nonner, om muslimske processioner og moskeer, og vi vil m\u00f8de de konkrete aftryk, som forskellige religioner og religi\u00f8se minoriteter har sat og fortsat s\u00e6tter p\u00e5 kvarteret. Vandringen er for den, som er nysgerrig p\u00e5 den religi\u00f8se mangfoldigheds betydning for N\u00f8rrebro \u2013 og Danmark \u2013 i fortid og nutid\u2026&nbsp;<\/p>\n<\/div><\/div>\n<\/div><\/div>\n\n\n\n<div class=\"wp-block-genesis-blocks-gb-columns gb-layout-columns-2 gb-2-col-wideright\" style=\"padding-top:7%;padding-bottom:8%\"><div class=\"gb-layout-column-wrap gb-block-layout-column-gap-2 gb-is-responsive-column\">\n<div class=\"wp-block-genesis-blocks-gb-column gb-block-layout-column\"><div class=\"gb-block-layout-column-inner\">\n<h3><strong>Foredrag<\/strong><\/h3>\n<\/div><\/div>\n\n\n\n<div class=\"wp-block-genesis-blocks-gb-column gb-block-layout-column\"><div class=\"gb-block-layout-column-inner\">\n<p><strong>Danmark som indvandringsland igennem 150 \u00e5r&nbsp;<\/strong><\/p>\n\n\n\n<p>Igennem de seneste \u00e5rtier er der kommet et stadigt st\u00f8rre fokus p\u00e5 indvandring i det danske samfund. Men er det kun for nyligt og med g\u00e6stearbejdernes komme i 1960erne, at Danmark blev p\u00e5virket af indvandring? I foredraget fort\u00e6lles om nogle af de grupper, som slog sig ned i Danmark igennem tiden, nogle gange i kortere tid, andre gange i l\u00e6ngere. Foredraget beskriver ogs\u00e5, hvordan indvandring som f\u00e6nomen er blevet debatteret igennem tiden, hvorn\u00e5r indvandring blev set p\u00e5 som et problem, og hvorn\u00e5r det blev set p\u00e5 som en n\u00f8dvendighed. Endelig l\u00e6gges der i foredraget v\u00e6gt p\u00e5 de sjove og interessante historier, som fx de f\u00f8rste muslimske begravelser i Danmark, de f\u00f8rste kinesere p\u00e5 N\u00f8rrebro og et blik p\u00e5 Danmarks allerf\u00f8rste ghetto.<\/p>\n\n\n\n<p><strong>N\u00f8rrebros indvandringshistorie <\/strong><\/p>\n\n\n\n<p>N\u00f8rrebros indvandringshistorie str\u00e6kker sig fra svenske tjenestepiger, russisk-j\u00f8diske flygtninge over tyske krigsflygtninge og tyrkiske og pakistanske g\u00e6stearbejdere til nutiden, hvor N\u00f8rrebro b\u00e5de fejres og ford\u00f8mmes som K\u00f8benhavns fremmeste indvandrerkvarter. \u2013 Hvilke roller har indvandrere spillet i kvarteret igennem tiden? Hvem var de, b\u00e5de som grupper og individer? Hvordan spillede indvandring sammen med den fort\u00e6lling om N\u00f8rrebro, som er blevet udviklet og genskabt gennem tiden? I hvilke perioder har indvandrerne v\u00e6ret synlige, og i hvilke perioder er de knapt blevet bem\u00e6rket \u2013 selvom de har v\u00e6ret der?&nbsp;&nbsp;<\/p>\n\n\n\n<p>&#8212;&#8212;&#8212;&#8212;&#8212;&#8212;&#8212;&#8212;&#8212;&#8212;&#8212;&#8212;&#8212;&#8212;&#8212;&#8212;&#8212;&#8212;&#8212;&#8212;&#8212;&#8212;&#8212;&#8212;&#8212;&#8212;&#8212;&#8212;&#8212;&#8212;&#8212;&#8212;&#8212;&#8212;&#8212;&#8212;-<\/p>\n\n\n\n<p><strong>Priser<\/strong><\/p>\n\n\n\n<p>Guidede ture p\u00e5 N\u00f8rrebro (\u00e1 halvanden times varighed): 3.500 kr inklusive moms. <\/p>\n\n\n\n<div class=\"wp-container-1 wp-block-group\"><div class=\"wp-block-group__inner-container\">\n<p>Foredrag (en times foredrag og en times diskussion): 3.500 kr inklusive moms (\u00f8st for Storeb\u00e6lt),   4.500 kr inklusive moms (vest for Storeb\u00e6lt).<\/p>\n<\/div><\/div>\n<\/div><\/div>\n<\/div><\/div>\n<\/div><\/div><\/div>\n","protected":false},"excerpt":{"rendered":"","protected":false},"author":1,"featured_media":0,"parent":0,"menu_order":0,"comment_status":"closed","ping_status":"closed","template":"","meta":{"_genesis_hide_title":false,"_genesis_hide_breadcrumbs":false,"_genesis_hide_singular_image":false,"_genesis_hide_footer_widgets":false,"_genesis_custom_body_class":"","_genesis_custom_post_class":"","_genesis_layout":""},"featured_image_src":null,"featured_image_src_square":null,"_links":{"self":[{"href":"https:\/\/garbi.press\/index.php\/wp-json\/wp\/v2\/pages\/44"}],"collection":[{"href":"https:\/\/garbi.press\/index.php\/wp-json\/wp\/v2\/pages"}],"about":[{"href":"https:\/\/garbi.press\/index.php\/wp-json\/wp\/v2\/types\/page"}],"author":[{"embeddable":true,"href":"https:\/\/garbi.press\/index.php\/wp-json\/wp\/v2\/users\/1"}],"replies":[{"embeddable":true,"href":"https:\/\/garbi.press\/index.php\/wp-json\/wp\/v2\/comments?post=44"}],"version-history":[{"count":38,"href":"https:\/\/garbi.press\/index.php\/wp-json\/wp\/v2\/pages\/44\/revisions"}],"predecessor-version":[{"id":467,"href":"https:\/\/garbi.press\/index.php\/wp-json\/wp\/v2\/pages\/44\/revisions\/467"}],"wp:attachment":[{"href":"https:\/\/garbi.press\/index.php\/wp-json\/wp\/v2\/media?parent=44"}],"curies":[{"name":"wp","href":"https:\/\/api.w.org\/{rel}","templated":true}]}}