{"id":40,"date":"2020-11-25T23:09:07","date_gmt":"2020-11-25T22:09:07","guid":{"rendered":"https:\/\/garbi.press\/?page_id=40"},"modified":"2022-03-31T15:25:13","modified_gmt":"2022-03-31T13:25:13","slug":"boger","status":"publish","type":"page","link":"https:\/\/garbi.press\/index.php\/boger\/","title":{"rendered":"B\u00f8ger"},"content":{"rendered":"\n<div class=\"wp-block-genesis-blocks-gb-columns gb-slate-section-image-and-text-cta gpb-slate-image-text gb-layout-columns-2 gb-2-col-equal gb-has-custom-background-color gb-has-custom-text-color gb-columns-center alignfull\" style=\"padding-top:6em;padding-right:1em;padding-bottom:6em;padding-left:1em;background-color:#ededed;color:#1f1f1f\"><div class=\"gb-layout-column-wrap gb-block-layout-column-gap-2 gb-is-responsive-column\" style=\"max-width:1200px\">\n<div class=\"wp-block-genesis-blocks-gb-column gb-block-layout-column\"><div class=\"gb-block-layout-column-inner\">\n<figure class=\"wp-block-image size-full is-style-default\"><img loading=\"lazy\" width=\"300\" height=\"418\" src=\"https:\/\/garbi.press\/wp-content\/uploads\/2022\/03\/Den-forste-ghetto_Omslag.jpg\" alt=\"\" class=\"wp-image-454\" srcset=\"https:\/\/garbi.press\/wp-content\/uploads\/2022\/03\/Den-forste-ghetto_Omslag.jpg 300w, https:\/\/garbi.press\/wp-content\/uploads\/2022\/03\/Den-forste-ghetto_Omslag-215x300.jpg 215w\" sizes=\"(max-width: 300px) 100vw, 300px\" \/><\/figure>\n<\/div><\/div>\n\n\n\n<div class=\"wp-block-genesis-blocks-gb-column gb-block-layout-column gb-is-vertically-aligned-center\"><div class=\"gb-block-layout-column-inner\">\n<h2 class=\"has-text-color has-large-font-size\" style=\"color:#1f1f1f\">Den f\u00f8rste ghetto<\/h2>\n\n\n\n<p class=\"has-text-color\" style=\"color:#1f1f1f\">I november 1908 var en menneskejagt i gang i K\u00f8benhavns indre by. En russisk indvandrer havde skudt sin danske arbejdsgiver og fors\u00f8gt at gemme sig blandt Lille Br\u00f8ndstr\u00e6des \u00f8steurop\u00e6iske j\u00f8der. Drabssagen satte fokus p\u00e5 den usle bydel, som pressen kort forinden havde d\u00f8bt \u201dK\u00f8benhavns ghetto\u201d, og p\u00e5 et bet\u00e6ndt begreb, der rimede p\u00e5 fremmedfrygt, forbrydelse og fattigdom. I 1970\u2019erne blev g\u00e6stearbejdere inviteret til landet, og mange af dem gjorde storbyernes betongr\u00e5 boligblokke til deres nye hjem. Med dem genopstod den delikate diskussion om, hvorvidt udl\u00e6ndinge nogensinde kan blive til rigtige danskere. Det har vi sk\u00e6ndtes om lige siden.<\/p>\n\n\n\n<div class=\"wp-container-1 wp-block-buttons\">\n<div class=\"wp-block-button is-style-outline\"><a class=\"wp-block-button__link has-primary-background-color has-text-color has-background\" href=\"https:\/\/www.saxo.com\/dk\/den-foerste-ghetto_garbi-schmidt_indbundet_9788772196541\" style=\"border-radius:4px;color:#ffffff\"><strong>K\u00f8b bogen<\/strong><\/a><\/div>\n<\/div>\n<\/div><\/div>\n<\/div><\/div>\n\n\n\n<div class=\"wp-block-genesis-blocks-gb-columns gb-slate-section-feature-image-columns gb-layout-columns-1 one-column gb-has-custom-background-color gb-has-custom-text-color gb-columns-center alignfull\" style=\"padding-top:8em;padding-right:1em;padding-bottom:6em;padding-left:1em;background-color:#ededed;color:#1f1f1f\"><div class=\"gb-layout-column-wrap gb-block-layout-column-gap-2 gb-is-responsive-column\" style=\"max-width:1200px\">\n<div class=\"wp-block-genesis-blocks-gb-column gb-block-layout-column\"><div class=\"gb-block-layout-column-inner\">\n<div class=\"wp-block-genesis-blocks-gb-columns gb-layout-columns-2 gb-2-col-equal\"><div class=\"gb-layout-column-wrap gb-block-layout-column-gap-3 gb-is-responsive-column\">\n<div class=\"wp-block-genesis-blocks-gb-column gb-block-layout-column\"><div class=\"gb-block-layout-column-inner\">\n<figure class=\"wp-block-image size-large is-resized\"><img loading=\"lazy\" src=\"https:\/\/garbi.press\/wp-content\/uploads\/2020\/12\/Ebba.jpg\" alt=\"Ebba-Forfatter: Garbi Schmidt\" class=\"wp-image-261\" width=\"300\" height=\"418\" srcset=\"https:\/\/garbi.press\/wp-content\/uploads\/2020\/12\/Ebba.jpg 300w, https:\/\/garbi.press\/wp-content\/uploads\/2020\/12\/Ebba-215x300.jpg 215w\" sizes=\"(max-width: 300px) 100vw, 300px\" \/><\/figure>\n\n\n\n<h3 class=\"has-text-color has-large-font-size\" style=\"color:#1f1f1f\">Ebba<\/h3>\n\n\n\n<p class=\"has-text-color\" style=\"color:#1f1f1f\">Udgivet p\u00e5 Gyldendal i 2017. Garbi Schmidts debut som romanforfatter. Beskrivelse: Scenen er K\u00f8benhavn i begyndelsen af det tyvende \u00e5rhundrede. En ekspanderende by i en brydningstid. Ebba er tjenestepige for en grossererfamilie, og sammen med den er hun flyttet fra Randers til K\u00f8benhavn. Grossereren og Ebba har en f\u00e6lles lidenskab: litteratur. Den bringer dem sammen, og han s\u00f8rger meget us\u00e6dvanligt for, at hun f\u00e5r en uddannelse som boghandler og sin egen forretning i K\u00f8benhavn. Ebba bor i baglokalet, og boghandlen bliver omdrejningspunktet for vigtige m\u00f8der: Den vilde og frie Frida, som f\u00e5r Ebba med i kvindebev\u00e6gelsen, s\u00f8steren Sigrid, som behersker vanviddets kraft, og journalisten Rainer, som f\u00e5r Ebba til at dr\u00f8mme om en verden udenfor Danmark. I et st\u00e6rkt sanseligt sprog med sans for detaljer og tidsbillede portr\u00e6tteres en kvinde, der k\u00e6mper for at s\u00e6tte sig selv igennem. Bogen kan k\u00f8bes her (som e-bog):<\/p>\n\n\n\n<div class=\"wp-container-2 wp-block-buttons\">\n<div class=\"wp-block-button is-style-outline\"><a class=\"wp-block-button__link has-primary-background-color has-text-color has-background\" href=\"https:\/\/www.saxo.com\/dk\/ebba_garbi-schmidt_haeftet_9788702225358\" style=\"border-radius:4px;color:#ffffff\" target=\"_blank\" rel=\"noreferrer noopener\">K\u00f8b e-bogen<\/a><\/div>\n<\/div>\n\n\n\n<p> Bogen kan k\u00f8bes som trykt bog ved at skrive en e-mail til <strong><span class=\"has-inline-color has-dark-gray-color\">garbi@godmail.dk<\/span><\/strong> Bogen koster 210 kr inklusive forsendelse.<\/p>\n\n\n\n<div style=\"height:25px\" aria-hidden=\"true\" class=\"wp-block-spacer\"><\/div>\n\n\n\n<p><\/p>\n<\/div><\/div>\n\n\n\n<div class=\"wp-block-genesis-blocks-gb-column gb-block-layout-column\"><div class=\"gb-block-layout-column-inner\">\n<figure class=\"wp-block-image size-large is-resized\"><img loading=\"lazy\" src=\"https:\/\/garbi.press\/wp-content\/uploads\/2020\/12\/Norrebros-indvandring.jpg\" alt=\"Norrebros-indvandrings-historie skrevet af Garbi Schmidt\" class=\"wp-image-262\" width=\"300\" height=\"418\" srcset=\"https:\/\/garbi.press\/wp-content\/uploads\/2020\/12\/Norrebros-indvandring.jpg 300w, https:\/\/garbi.press\/wp-content\/uploads\/2020\/12\/Norrebros-indvandring-215x300.jpg 215w\" sizes=\"(max-width: 300px) 100vw, 300px\" \/><\/figure>\n\n\n\n<h2 class=\"has-text-color has-large-font-size\" style=\"color:#1f1f1f\">N\u00f8rrebros indvandringshistorie 1885-2010.<\/h2>\n\n\n\n<p class=\"has-text-color\" style=\"color:#1f1f1f\">Udgivet p\u00e5 Museum Tusculanum i 2015. Garbi Schmidts doktordisputats. Bogen blev blandt andet anmeldt i Politiken og fik fem stjerner. Beskrivelse: Etnisk mangfoldighed er i dag en tydelig dimension af N\u00f8rrebro, men er indvandring til kvarteret et nyt f\u00e6nomen, eller har indvandring fra tidligt i historien bidraget til N\u00f8rrebros liv, udvikling og fort\u00e6lling? Denne bog beskriver N\u00f8rrebros indvandringshistorie, fra svenske tjenestepiger og russisk-j\u00f8diske flygtninge over tyske krigsflygtninge og tyrkiske og pakistanske g\u00e6stearbejdere til nutiden, hvor N\u00f8rrebro b\u00e5de fejres og ford\u00f8mmes som K\u00f8benhavns indvandrerkvarter. Hvilke roller har indvandrere spillet i kvarteret igennem tiden? Hvem var de, b\u00e5de som grupper og individer? Hvordan spillede indvandring sammen med den fort\u00e6lling om N\u00f8rrebro, som er blevet udviklet og genskabt over tid: byens urolige hj\u00f8rne, pr\u00e6get af arbejderklasse, fattigdom og aktivisme? I hvilke perioder har indvandrerne v\u00e6ret synlige, og i hvilke perioder er de knapt blevet bem\u00e6rket \u2013 selvom de har v\u00e6ret der? Og hvordan har s\u00e5danne forandringer spillet sammen med byens rum, bystyrets politik og den danske nationalstats h\u00e5ndtering af indvandring over tid? <em>N\u00f8rrebros indvandringshistorie 1885\u20132010 <\/em>er en bog om, hvordan indvandring har formet et kvarter, en by \u2013 og et land. Bogen kan k\u00f8bes her:&nbsp;<\/p>\n\n\n\n<div class=\"wp-container-3 wp-block-buttons\">\n<div class=\"wp-block-button is-style-outline\"><a class=\"wp-block-button__link has-primary-background-color has-text-color has-background\" href=\"https:\/\/www.saxo.com\/dk\/noerrebros-indvandringshistorie-1885-2010_garbi-schmidt_haeftet_9788763543385\" style=\"border-radius:4px;color:#ffffff\" target=\"_blank\" rel=\"noreferrer noopener\"><strong>K\u00f8b bogen<\/strong><\/a><\/div>\n<\/div>\n\n\n\n<p>Du kan ogs\u00e5 sende en mail til forfatteren: <strong>garbi@godmail.dk<\/strong> k\u00f8be bogen direkte. Pris inklusive levering er 330 kr.<\/p>\n<\/div><\/div>\n<\/div><\/div>\n\n\n\n<div class=\"wp-block-genesis-blocks-gb-columns gb-slate-section-feature-image-columns gb-layout-columns-1 one-column gb-has-custom-background-color gb-has-custom-text-color gb-columns-center alignfull\" style=\"padding-top:8em;padding-right:1em;padding-bottom:6em;padding-left:1em;background-color:#ededed;color:#1f1f1f\"><div class=\"gb-layout-column-wrap gb-block-layout-column-gap-2 gb-is-responsive-column\" style=\"max-width:1200px\">\n<div class=\"wp-block-genesis-blocks-gb-column gb-block-layout-column\"><div class=\"gb-block-layout-column-inner\">\n<div class=\"wp-block-genesis-blocks-gb-columns gb-layout-columns-2 gb-2-col-equal\"><div class=\"gb-layout-column-wrap gb-block-layout-column-gap-3 gb-is-responsive-column\">\n<div class=\"wp-block-genesis-blocks-gb-column gb-block-layout-column\"><div class=\"gb-block-layout-column-inner\">\n<figure class=\"wp-block-image size-large is-resized\"><img loading=\"lazy\" src=\"https:\/\/garbi.press\/wp-content\/uploads\/2020\/12\/Muslim.jpg\" alt=\"Muslim i Danmark - Muslim i Verden skrevet af Garbi Schmidt\" class=\"wp-image-260\" width=\"300\" height=\"418\" srcset=\"https:\/\/garbi.press\/wp-content\/uploads\/2020\/12\/Muslim.jpg 300w, https:\/\/garbi.press\/wp-content\/uploads\/2020\/12\/Muslim-215x300.jpg 215w\" sizes=\"(max-width: 300px) 100vw, 300px\" \/><\/figure>\n\n\n\n<h3 class=\"has-text-color has-large-font-size\" style=\"color:#1f1f1f\">Muslim I Danmark, muslim i verden<\/h3>\n\n\n\n<p class=\"has-text-color\" style=\"color:#1f1f1f\">Bogen udkom i 2007. Beskrivelse: Denne bog bygger p\u00e5 en videnskabelig unders\u00f8gelse af muslimske ungdomsforeninger i Danmark i ti\u00e5ret frem til Muhammadkrisen i 2006. Hvilke tolkninger af islam vokser frem inden for foreningerne, og hvordan forholder de unge sig til det omgivne danske samfund og muslimer andetsteds i verden? Er det muslimske ungdomsmilj\u00f8 i det hele taget et homogent milj\u00f8, eller viser det os islam i Danmark som et flerstemmigt f\u00e6nomen, pr\u00e6get af indre debat om, hvilken rolle islam skal spille nationalt og globalt? Er islam i disse sammenh\u00e6nge et spirituelt budskab eller en politisk ideologi; en individuel vejledning eller et samfundsm\u00e6ssig styreredskab; et middel til medborgerskab eller modborgerskab? Bogen analyserer ogs\u00e5 den debat om islam, som har fundet sted i Danmark i de seneste \u00e5r. Det er en debat, som de muslimske ungdomsforeninger i vid udstr\u00e6kning pr\u00e6ger og er en del af. Hvilke positioner finder vi i debaten, udtrykker disse en skillelinje mellem muslimsk minoritet og ikke-muslimsk majoritet, eller g\u00e5r skellet helt andre steder? Bogen kan downloades helt gratis her:<\/p>\n\n\n\n<div class=\"wp-container-4 wp-block-buttons\">\n<div class=\"wp-block-button is-style-outline\"><a class=\"wp-block-button__link has-primary-background-color has-text-color has-background\" href=\"https:\/\/pure.vive.dk\/ws\/files\/256678\/Muslim_i_Danmark_muslim_i_verden.pdf\" style=\"border-radius:4px;color:#ffffff\" target=\"_blank\" rel=\"noreferrer noopener\"><strong>download<\/strong><\/a><\/div>\n<\/div>\n\n\n\n<div style=\"height:25px\" aria-hidden=\"true\" class=\"wp-block-spacer\"><\/div>\n<\/div><\/div>\n\n\n\n<div class=\"wp-block-genesis-blocks-gb-column gb-block-layout-column\"><div class=\"gb-block-layout-column-inner\">\n<figure class=\"wp-block-image size-large is-resized is-style-default\"><img loading=\"lazy\" src=\"https:\/\/garbi.press\/wp-content\/uploads\/2020\/12\/islam-urban.jpg\" alt=\"Islam I urban er skrevet Garbi Schimdt\" class=\"wp-image-259\" width=\"300\" height=\"418\" srcset=\"https:\/\/garbi.press\/wp-content\/uploads\/2020\/12\/islam-urban.jpg 300w, https:\/\/garbi.press\/wp-content\/uploads\/2020\/12\/islam-urban-215x300.jpg 215w\" sizes=\"(max-width: 300px) 100vw, 300px\" \/><\/figure>\n\n\n\n<h3 class=\"has-text-color has-large-font-size\" style=\"color:#1f1f1f\">Islam in urban America<\/h3>\n\n\n\n<p class=\"has-text-color has-normal-font-size\" style=\"color:#1f1f1f\">Bogen udkom I 2004 p\u00e5 det amerikanske forlag Temple University Press. Beskrivelse\/description: In recent years, world events have trained a harsh spotlight on the Muslim religion and its adherents. The misunderstanding and bias against Muslims in the United States not only persists but has deepened. In this detailed study of an immigrant community in Chicago, Garbi Schmidt considers the formation and meaning of an &#8220;American Islam.&#8221; This vivid portrait of the people and the institutions that draw them together contributes to the academic literature on ethnic and religious identity at the same time as it depicts an immigrant community&#8217;s struggle against bias and forces that threaten its cohesion. Chicago has long been home to Muslim immigrants from numerous countries in the Middle East and South Asia. For some members of these groups religion carries more weight than ethnic identity in the American context and enables them to form and participate in a broad spectrum of institutions that support their religious and social interests. Schmidt offers her observations of the schools and student associations that serve young Muslims as well as the social, religious, and political organizations that serve adults. By looking at the ways in which children, adolescents, and adults come together in these institutions, she is able to show the dynamic process in which a variegated American Muslim identity takes shape. Readers will come away from this book with a better understanding of the ideological and cultural differences among Muslims and a greater appreciation of their struggles in becoming Americans. Bogen kan k\u00f8bes her\/the book can be bought here:<\/p>\n\n\n\n<div class=\"wp-container-5 wp-block-buttons\">\n<div class=\"wp-block-button is-style-outline\"><a class=\"wp-block-button__link has-white-color has-primary-background-color has-text-color has-background\" href=\"https:\/\/www.amazon.com\/Islam-Urban-America-Muslims-Chicago\/dp\/1592132243\" style=\"border-radius:4px\" target=\"_blank\" rel=\"noreferrer noopener\"><strong>Buy <\/strong>now<\/a><\/div>\n<\/div>\n<\/div><\/div>\n<\/div><\/div>\n<\/div><\/div>\n<\/div><\/div>\n\n\n\n<div class=\"wp-block-genesis-blocks-gb-columns gb-layout-columns-2 gb-2-col-equal\"><div class=\"gb-layout-column-wrap gb-block-layout-column-gap-2 gb-is-responsive-column\">\n<div class=\"wp-block-genesis-blocks-gb-column gb-block-layout-column\"><div class=\"gb-block-layout-column-inner\">\n<p><\/p>\n<\/div><\/div>\n\n\n\n<div class=\"wp-block-genesis-blocks-gb-column gb-block-layout-column\"><div class=\"gb-block-layout-column-inner\">\n<p><\/p>\n<\/div><\/div>\n<\/div><\/div>\n<\/div><\/div>\n<\/div><\/div>\n","protected":false},"excerpt":{"rendered":"","protected":false},"author":1,"featured_media":0,"parent":0,"menu_order":0,"comment_status":"closed","ping_status":"closed","template":"","meta":{"_genesis_hide_title":false,"_genesis_hide_breadcrumbs":false,"_genesis_hide_singular_image":false,"_genesis_hide_footer_widgets":false,"_genesis_custom_body_class":"","_genesis_custom_post_class":"","_genesis_layout":""},"featured_image_src":null,"featured_image_src_square":null,"_links":{"self":[{"href":"https:\/\/garbi.press\/index.php\/wp-json\/wp\/v2\/pages\/40"}],"collection":[{"href":"https:\/\/garbi.press\/index.php\/wp-json\/wp\/v2\/pages"}],"about":[{"href":"https:\/\/garbi.press\/index.php\/wp-json\/wp\/v2\/types\/page"}],"author":[{"embeddable":true,"href":"https:\/\/garbi.press\/index.php\/wp-json\/wp\/v2\/users\/1"}],"replies":[{"embeddable":true,"href":"https:\/\/garbi.press\/index.php\/wp-json\/wp\/v2\/comments?post=40"}],"version-history":[{"count":110,"href":"https:\/\/garbi.press\/index.php\/wp-json\/wp\/v2\/pages\/40\/revisions"}],"predecessor-version":[{"id":496,"href":"https:\/\/garbi.press\/index.php\/wp-json\/wp\/v2\/pages\/40\/revisions\/496"}],"wp:attachment":[{"href":"https:\/\/garbi.press\/index.php\/wp-json\/wp\/v2\/media?parent=40"}],"curies":[{"name":"wp","href":"https:\/\/api.w.org\/{rel}","templated":true}]}}